{"id":11,"date":"2023-02-17T15:49:14","date_gmt":"2023-02-17T15:49:14","guid":{"rendered":"https:\/\/informes.drsoldado.com\/?post_type=product&#038;p=11"},"modified":"2023-03-08T20:56:20","modified_gmt":"2023-03-08T20:56:20","slug":"informe-12345678-1","status":"publish","type":"product","link":"https:\/\/informes.drsoldado.com\/index.php\/informe-12345678-1\/","title":{"rendered":"Informe Juan Sanchez"},"content":{"rendered":"<p>Informe M\u00e9dico<\/p>\n<p>&nbsp;<\/p>\n<p>Paciente: Juan Sanchez<\/p>\n<p>documento: 12345678<\/p>\n<p>Fecha de la operaci\u00f3n: 20\/01\/2023<\/p>\n","protected":false},"excerpt":{"rendered":"<p>El paciente se someti\u00f3 a una operaci\u00f3n de la pierna izquierda para corregir una fractura en el hueso de la tibia. La operaci\u00f3n se realiz\u00f3 sin complicaciones y se espera que el paciente se recupere completamente con la rehabilitaci\u00f3n adecuada.<\/p>\n","protected":false},"featured_media":13,"template":"","meta":[],"product_brand":[],"product_cat":[17],"product_tag":[],"class_list":{"0":"post-11","1":"product","2":"type-product","3":"status-publish","4":"has-post-thumbnail","6":"product_cat-informes","8":"first","9":"instock","10":"downloadable","11":"virtual","12":"purchasable","13":"product-type-simple"},"_links":{"self":[{"href":"https:\/\/informes.drsoldado.com\/index.php\/wp-json\/wp\/v2\/product\/11","targetHints":{"allow":["GET"]}}],"collection":[{"href":"https:\/\/informes.drsoldado.com\/index.php\/wp-json\/wp\/v2\/product"}],"about":[{"href":"https:\/\/informes.drsoldado.com\/index.php\/wp-json\/wp\/v2\/types\/product"}],"wp:featuredmedia":[{"embeddable":true,"href":"https:\/\/informes.drsoldado.com\/index.php\/wp-json\/wp\/v2\/media\/13"}],"wp:attachment":[{"href":"https:\/\/informes.drsoldado.com\/index.php\/wp-json\/wp\/v2\/media?parent=11"}],"wp:term":[{"taxonomy":"product_brand","embeddable":true,"href":"https:\/\/informes.drsoldado.com\/index.php\/wp-json\/wp\/v2\/product_brand?post=11"},{"taxonomy":"product_cat","embeddable":true,"href":"https:\/\/informes.drsoldado.com\/index.php\/wp-json\/wp\/v2\/product_cat?post=11"},{"taxonomy":"product_tag","embeddable":true,"href":"https:\/\/informes.drsoldado.com\/index.php\/wp-json\/wp\/v2\/product_tag?post=11"}],"curies":[{"name":"wp","href":"https:\/\/api.w.org\/{rel}","templated":true}]}}