{"id":28,"date":"2023-02-17T22:55:51","date_gmt":"2023-02-17T22:55:51","guid":{"rendered":"https:\/\/informes.drsoldado.com\/?post_type=product&#038;p=28"},"modified":"2023-03-08T20:55:37","modified_gmt":"2023-03-08T20:55:37","slug":"informe-23987462-1","status":"publish","type":"product","link":"https:\/\/informes.drsoldado.com\/index.php\/informe-23987462-1\/","title":{"rendered":"Informe Cristina Guerrero"},"content":{"rendered":"<p>Informe M\u00e9dico<\/p>\n<p>&nbsp;<\/p>\n<p>Paciente: Cristina Guerrero<\/p>\n<p>documento: 23987462<\/p>\n<p>Fecha de la operaci\u00f3n: 10\/10\/2021<\/p>\n","protected":false},"excerpt":{"rendered":"<p>El paciente fue ingresado en el hospital debido a un fuerte dolor en la cadera que le imped\u00eda caminar.\u00a0 Despu\u00e9s de una serie de ex\u00e1menes m\u00e9dicos, se determin\u00f3 que el paciente requer\u00eda una cirug\u00eda de cadera para aliviar su dolor y mejorar su movilidad.<\/p>\n","protected":false},"featured_media":13,"template":"","meta":[],"product_brand":[],"product_cat":[17],"product_tag":[],"class_list":{"0":"post-28","1":"product","2":"type-product","3":"status-publish","4":"has-post-thumbnail","6":"product_cat-informes","8":"first","9":"instock","10":"downloadable","11":"virtual","12":"purchasable","13":"product-type-simple"},"_links":{"self":[{"href":"https:\/\/informes.drsoldado.com\/index.php\/wp-json\/wp\/v2\/product\/28","targetHints":{"allow":["GET"]}}],"collection":[{"href":"https:\/\/informes.drsoldado.com\/index.php\/wp-json\/wp\/v2\/product"}],"about":[{"href":"https:\/\/informes.drsoldado.com\/index.php\/wp-json\/wp\/v2\/types\/product"}],"wp:featuredmedia":[{"embeddable":true,"href":"https:\/\/informes.drsoldado.com\/index.php\/wp-json\/wp\/v2\/media\/13"}],"wp:attachment":[{"href":"https:\/\/informes.drsoldado.com\/index.php\/wp-json\/wp\/v2\/media?parent=28"}],"wp:term":[{"taxonomy":"product_brand","embeddable":true,"href":"https:\/\/informes.drsoldado.com\/index.php\/wp-json\/wp\/v2\/product_brand?post=28"},{"taxonomy":"product_cat","embeddable":true,"href":"https:\/\/informes.drsoldado.com\/index.php\/wp-json\/wp\/v2\/product_cat?post=28"},{"taxonomy":"product_tag","embeddable":true,"href":"https:\/\/informes.drsoldado.com\/index.php\/wp-json\/wp\/v2\/product_tag?post=28"}],"curies":[{"name":"wp","href":"https:\/\/api.w.org\/{rel}","templated":true}]}}