{"id":30,"date":"2023-02-17T23:00:15","date_gmt":"2023-02-17T23:00:15","guid":{"rendered":"https:\/\/informes.drsoldado.com\/?post_type=product&#038;p=30"},"modified":"2023-03-08T20:54:18","modified_gmt":"2023-03-08T20:54:18","slug":"informe-98765421-1","status":"publish","type":"product","link":"https:\/\/informes.drsoldado.com\/index.php\/informe-98765421-1\/","title":{"rendered":"Informe Juan Perez"},"content":{"rendered":"<p>Informe M\u00e9dico<\/p>\n<p>&nbsp;<\/p>\n<p>Paciente: Juan Perez<\/p>\n<p>documento: 98765421<\/p>\n<p>Fecha de la operaci\u00f3n: 12\/12\/2022<\/p>\n","protected":false},"excerpt":{"rendered":"<p>La operaci\u00f3n consisti\u00f3 en la reducci\u00f3n de una fractura en el antebrazo derecho del paciente, causada por un accidente en el lugar de trabajo. Se realiz\u00f3 una incisi\u00f3n en el brazo para acceder al hueso fracturado.<\/p>\n","protected":false},"featured_media":13,"template":"","meta":[],"product_brand":[],"product_cat":[17],"product_tag":[],"class_list":{"0":"post-30","1":"product","2":"type-product","3":"status-publish","4":"has-post-thumbnail","6":"product_cat-informes","8":"first","9":"instock","10":"downloadable","11":"virtual","12":"purchasable","13":"product-type-simple"},"_links":{"self":[{"href":"https:\/\/informes.drsoldado.com\/index.php\/wp-json\/wp\/v2\/product\/30","targetHints":{"allow":["GET"]}}],"collection":[{"href":"https:\/\/informes.drsoldado.com\/index.php\/wp-json\/wp\/v2\/product"}],"about":[{"href":"https:\/\/informes.drsoldado.com\/index.php\/wp-json\/wp\/v2\/types\/product"}],"wp:featuredmedia":[{"embeddable":true,"href":"https:\/\/informes.drsoldado.com\/index.php\/wp-json\/wp\/v2\/media\/13"}],"wp:attachment":[{"href":"https:\/\/informes.drsoldado.com\/index.php\/wp-json\/wp\/v2\/media?parent=30"}],"wp:term":[{"taxonomy":"product_brand","embeddable":true,"href":"https:\/\/informes.drsoldado.com\/index.php\/wp-json\/wp\/v2\/product_brand?post=30"},{"taxonomy":"product_cat","embeddable":true,"href":"https:\/\/informes.drsoldado.com\/index.php\/wp-json\/wp\/v2\/product_cat?post=30"},{"taxonomy":"product_tag","embeddable":true,"href":"https:\/\/informes.drsoldado.com\/index.php\/wp-json\/wp\/v2\/product_tag?post=30"}],"curies":[{"name":"wp","href":"https:\/\/api.w.org\/{rel}","templated":true}]}}